{"id":3379,"date":"2019-10-23T08:39:12","date_gmt":"2019-10-23T08:39:12","guid":{"rendered":"https:\/\/themes.themegoods.com\/avante\/?page_id=3379"},"modified":"2021-03-29T13:48:33","modified_gmt":"2021-03-29T13:48:33","slug":"blog-grid","status":"publish","type":"page","link":"https:\/\/solutiondata.fr\/en\/blog-grid\/","title":{"rendered":"News"},"content":{"rendered":"<div data-elementor-type=\"wp-page\" data-elementor-id=\"3379\" class=\"elementor elementor-3379\" data-elementor-post-type=\"page\">\n\t\t\t\t\t\t<section class=\"elementor-section elementor-top-section elementor-element elementor-element-a7864f5 elementor-section-stretched elementor-section-height-min-height elementor-section-content-middle elementor-section-boxed elementor-section-height-default elementor-section-items-middle\" data-id=\"a7864f5\" data-element_type=\"section\" data-settings=\"{&quot;stretch_section&quot;:&quot;section-stretched&quot;,&quot;background_background&quot;:&quot;classic&quot;}\">\n\t\t\t\t\t\t<div class=\"elementor-container elementor-column-gap-default\">\n\t\t\t\t\t<div class=\"elementor-column elementor-col-100 elementor-top-column elementor-element elementor-element-a5dad95\" data-id=\"a5dad95\" data-element_type=\"column\" data-settings=\"{&quot;avante_ext_is_scrollme&quot;:&quot;false&quot;,&quot;avante_ext_is_smoove&quot;:&quot;false&quot;,&quot;avante_ext_is_parallax_mouse&quot;:&quot;false&quot;,&quot;avante_ext_is_infinite&quot;:&quot;false&quot;}\">\n\t\t\t<div class=\"elementor-widget-wrap elementor-element-populated\">\n\t\t\t\t\t\t<div class=\"elementor-element elementor-element-9ebcf74 elementor-widget elementor-widget-heading\" data-id=\"9ebcf74\" data-element_type=\"widget\" data-settings=\"{&quot;avante_ext_is_scrollme&quot;:&quot;false&quot;,&quot;avante_ext_is_parallax_mouse&quot;:&quot;false&quot;,&quot;avante_ext_is_infinite&quot;:&quot;false&quot;}\" data-widget_type=\"heading.default\">\n\t\t\t\t<div class=\"elementor-widget-container\">\n\t\t\t<span class=\"elementor-heading-title elementor-size-default\">SolutionData<\/span>\t\t<\/div>\n\t\t\t\t<\/div>\n\t\t\t\t<div class=\"elementor-element elementor-element-f686eba elementor-widget elementor-widget-heading\" data-id=\"f686eba\" data-element_type=\"widget\" data-settings=\"{&quot;avante_ext_is_scrollme&quot;:&quot;false&quot;,&quot;avante_ext_is_smoove&quot;:&quot;false&quot;,&quot;avante_ext_is_parallax_mouse&quot;:&quot;false&quot;,&quot;avante_ext_is_infinite&quot;:&quot;false&quot;}\" data-widget_type=\"heading.default\">\n\t\t\t\t<div class=\"elementor-widget-container\">\n\t\t\t<h1 class=\"elementor-heading-title elementor-size-default\">News<\/h1>\t\t<\/div>\n\t\t\t\t<\/div>\n\t\t\t\t\t<\/div>\n\t\t<\/div>\n\t\t\t\t\t<\/div>\n\t\t<\/section>\n\t\t\t\t<section class=\"elementor-section elementor-top-section elementor-element elementor-element-3aa1fcf elementor-section-full_width elementor-section-height-default elementor-section-height-default\" data-id=\"3aa1fcf\" data-element_type=\"section\">\n\t\t\t\t\t\t<div class=\"elementor-container elementor-column-gap-default\">\n\t\t\t\t\t<div class=\"elementor-column elementor-col-100 elementor-top-column elementor-element elementor-element-446fc81\" data-id=\"446fc81\" data-element_type=\"column\" data-settings=\"{&quot;avante_ext_is_scrollme&quot;:&quot;false&quot;,&quot;avante_ext_is_smoove&quot;:&quot;false&quot;,&quot;avante_ext_is_parallax_mouse&quot;:&quot;false&quot;,&quot;avante_ext_is_infinite&quot;:&quot;false&quot;}\">\n\t\t\t<div class=\"elementor-widget-wrap elementor-element-populated\">\n\t\t\t\t\t\t<div class=\"elementor-element elementor-element-1d08e4c elementor-widget elementor-widget-avante-blog-posts\" data-id=\"1d08e4c\" data-element_type=\"widget\" data-settings=\"{&quot;avante_ext_is_scrollme&quot;:&quot;false&quot;,&quot;avante_ext_is_smoove&quot;:&quot;false&quot;,&quot;avante_ext_is_parallax_mouse&quot;:&quot;false&quot;,&quot;avante_ext_is_infinite&quot;:&quot;false&quot;}\" data-widget_type=\"avante-blog-posts.default\">\n\t\t\t\t<div class=\"elementor-widget-container\">\n\t\t\t<div class=\"blog-post-content-wrapper layout-grid\">\n<!-- Begin each blog post -->\n<div class=\"blog-posts-grid post-9298 post type-post status-publish format-standard has-post-thumbnail hentry category-solutiondata tag-bfmbusiness tag-bigdata tag-blockchain tag-data tag-digital tag-ia tag-infrastructures tag-iot tag-pca tag-pra tag-protection tag-rpo tag-rto tag-sauvegarde tag-scribeo tag-service tag-solutiondata tag-stockage\">\n\t\n\t\t<div class=\"post-wrapper smoove disable_tablet\" data-move-y=\"450px\" data-rotate-x=\"24deg\" data-delay=\"100\" data-minwidth=\"769\" data-offset=\"-30%\">\n\t\t\n\t\t\t\t    <div class=\"post-featured-image static\">\n\t\t\t    \t\t\t    <div class=\"post-featured-image-hover lazy\">\n\t\t\t     \t\t\t\t\t     <img decoding=\"async\" src=\"\" data-src=\"https:\/\/solutiondata.fr\/wp-content\/uploads\/2021\/06\/BFM.png\" class=\"lazy smoove disable_tablet\" alt=\"\"\/>\n\t\t\t\t     \t\t\t     \t\t\t\t     \t<a href=\"https:\/\/solutiondata.fr\/en\/larchitecte-de-donnees-au-service-de-toutes-les-entreprises\/\"><\/a>\n\t\t\t    <\/div>\n\t\t    <\/div>\n\t\t\t    \n\t    <div class=\"post-content-wrapper text-\">\n\t\t    \n\t\t    <div class=\"post-header\">\n\t\t\t    \t\t\t    <div class=\"post-detail single-post\">\n\t\t\t\t    \n\t\t\t    \t<span class=\"post-info-cat\">\n\t\t\t\t\t\t\t\t\t\t\t\t      \t<a href=\"https:\/\/solutiondata.fr\/en\/category\/solutiondata\/\">SolutionData<\/a>\n\t\t\t\t\t\t\t\t\t    \t<\/span>\n\t\t\t \t<\/div>\n\t\t\t \t\t\t\t\t<div class=\"post-header-title\">\n\t\t\t\t    <h5><a href=\"https:\/\/solutiondata.fr\/en\/larchitecte-de-donnees-au-service-de-toutes-les-entreprises\/\" title=\"The Data Architect at the service of all companies\">The Data Architect at the service of all companies<\/a><\/h5>\n\t\t\t\t<\/div>\n\t\t\t<\/div>\n\t    \n\t\t\t<div class=\"post-header-wrapper\">\n\t\t\t\t<p>Since 2007, SolutionData has supported many...<\/p>\t\t\t    <div class=\"post-button-wrapper\">\n\t\t\t\t    <a class=\"continue-reading\" href=\"https:\/\/solutiondata.fr\/en\/larchitecte-de-donnees-au-service-de-toutes-les-entreprises\/\" title=\"The Data Architect at the service of all companies\">Continue Reading<span><\/span><\/a>\n\t\t\t\t    \n\t\t\t\t    \t\t\t    \t<div class=\"post-attribute\">\n\t\t\t\t\t    <a href=\"https:\/\/solutiondata.fr\/en\/larchitecte-de-donnees-au-service-de-toutes-les-entreprises\/\" title=\"The Data Architect at the service of all companies\">6 May 2021<\/a>\n\t\t\t\t\t<\/div>\n\t\t\t\t\t\t\t\t    <\/div>\n\t\t\t    <br class=\"clear\"\/>\n\t\t\t<\/div>\n\t    <\/div>\n\t    \n\t<\/div>\n\n<\/div>\n<!-- End each blog post --><!-- Begin each blog post -->\n<div class=\"blog-posts-grid post-8102 post type-post status-publish format-standard has-post-thumbnail hentry category-solutiondata tag-solutiondata tag-top-croissance-2020\">\n\t\n\t\t<div class=\"post-wrapper smoove disable_tablet\" data-move-y=\"450px\" data-rotate-x=\"24deg\" data-delay=\"200\" data-minwidth=\"769\" data-offset=\"-30%\">\n\t\t\n\t\t\t\t    <div class=\"post-featured-image static\">\n\t\t\t    \t\t\t    <div class=\"post-featured-image-hover lazy\">\n\t\t\t     \t\t\t\t\t     <img decoding=\"async\" src=\"\" data-src=\"https:\/\/solutiondata.fr\/wp-content\/uploads\/2021\/02\/Captura-de-ecra-2021-02-09-as-15.54.08-960x604.png\" class=\"lazy smoove disable_tablet\" alt=\"\"\/>\n\t\t\t\t     \t\t\t     \t\t\t\t     \t<a href=\"https:\/\/solutiondata.fr\/en\/toujours-en-progression\/\"><\/a>\n\t\t\t    <\/div>\n\t\t    <\/div>\n\t\t\t    \n\t    <div class=\"post-content-wrapper text-\">\n\t\t    \n\t\t    <div class=\"post-header\">\n\t\t\t    \t\t\t    <div class=\"post-detail single-post\">\n\t\t\t\t    \n\t\t\t    \t<span class=\"post-info-cat\">\n\t\t\t\t\t\t\t\t\t\t\t\t      \t<a href=\"https:\/\/solutiondata.fr\/en\/category\/solutiondata\/\">SolutionData<\/a>\n\t\t\t\t\t\t\t\t\t    \t<\/span>\n\t\t\t \t<\/div>\n\t\t\t \t\t\t\t\t<div class=\"post-header-title\">\n\t\t\t\t    <h5><a href=\"https:\/\/solutiondata.fr\/en\/toujours-en-progression\/\" title=\"Always in progress !!\">Always in progress !!<\/a><\/h5>\n\t\t\t\t<\/div>\n\t\t\t<\/div>\n\t    \n\t\t\t<div class=\"post-header-wrapper\">\n\t\t\t\t<p>In the Top Growth 2020 : the 100 most...<\/p>\t\t\t    <div class=\"post-button-wrapper\">\n\t\t\t\t    <a class=\"continue-reading\" href=\"https:\/\/solutiondata.fr\/en\/toujours-en-progression\/\" title=\"Always in progress !!\">Continue Reading<span><\/span><\/a>\n\t\t\t\t    \n\t\t\t\t    \t\t\t    \t<div class=\"post-attribute\">\n\t\t\t\t\t    <a href=\"https:\/\/solutiondata.fr\/en\/toujours-en-progression\/\" title=\"Always in progress !!\">9 February 2021<\/a>\n\t\t\t\t\t<\/div>\n\t\t\t\t\t\t\t\t    <\/div>\n\t\t\t    <br class=\"clear\"\/>\n\t\t\t<\/div>\n\t    <\/div>\n\t    \n\t<\/div>\n\n<\/div>\n<!-- End each blog post --><!-- Begin each blog post -->\n<div class=\"blog-posts-grid post-8106 post type-post status-publish format-standard has-post-thumbnail hentry category-solutiondata tag-madame-la-ministre-elisabeth-moreno tag-madame-la-presidente-laetitia-hyrondelle-simon tag-solutiondata\">\n\t\n\t\t<div class=\"post-wrapper smoove disable_tablet\" data-move-y=\"450px\" data-rotate-x=\"24deg\" data-delay=\"300\" data-minwidth=\"769\" data-offset=\"-30%\">\n\t\t\n\t\t\t\t    <div class=\"post-featured-image static\">\n\t\t\t    \t\t\t    <div class=\"post-featured-image-hover lazy\">\n\t\t\t     \t\t\t\t\t     <img decoding=\"async\" src=\"\" data-src=\"https:\/\/solutiondata.fr\/wp-content\/uploads\/2021\/02\/Captura-de-ecra-2021-02-09-as-15.59.09-960x604.png\" class=\"lazy smoove disable_tablet\" alt=\"\"\/>\n\t\t\t\t     \t\t\t     \t\t\t\t     \t<a href=\"https:\/\/solutiondata.fr\/en\/rencontre-au-sommet-au-siege-de-solutiondata\/\"><\/a>\n\t\t\t    <\/div>\n\t\t    <\/div>\n\t\t\t    \n\t    <div class=\"post-content-wrapper text-\">\n\t\t    \n\t\t    <div class=\"post-header\">\n\t\t\t    \t\t\t    <div class=\"post-detail single-post\">\n\t\t\t\t    \n\t\t\t    \t<span class=\"post-info-cat\">\n\t\t\t\t\t\t\t\t\t\t\t\t      \t<a href=\"https:\/\/solutiondata.fr\/en\/category\/solutiondata\/\">SolutionData<\/a>\n\t\t\t\t\t\t\t\t\t    \t<\/span>\n\t\t\t \t<\/div>\n\t\t\t \t\t\t\t\t<div class=\"post-header-title\">\n\t\t\t\t    <h5><a href=\"https:\/\/solutiondata.fr\/en\/rencontre-au-sommet-au-siege-de-solutiondata\/\" title=\"Summit meeting at the head office of SolutionData\">Summit meeting at the head office of SolutionData<\/a><\/h5>\n\t\t\t\t<\/div>\n\t\t\t<\/div>\n\t    \n\t\t\t<div class=\"post-header-wrapper\">\n\t\t\t\t<p>Summit meeting at the head office of #SolutionData...<\/p>\t\t\t    <div class=\"post-button-wrapper\">\n\t\t\t\t    <a class=\"continue-reading\" href=\"https:\/\/solutiondata.fr\/en\/rencontre-au-sommet-au-siege-de-solutiondata\/\" title=\"Summit meeting at the head office of SolutionData\">Continue Reading<span><\/span><\/a>\n\t\t\t\t    \n\t\t\t\t    \t\t\t    \t<div class=\"post-attribute\">\n\t\t\t\t\t    <a href=\"https:\/\/solutiondata.fr\/en\/rencontre-au-sommet-au-siege-de-solutiondata\/\" title=\"Summit meeting at the head office of SolutionData\">28 January 2021<\/a>\n\t\t\t\t\t<\/div>\n\t\t\t\t\t\t\t\t    <\/div>\n\t\t\t    <br class=\"clear\"\/>\n\t\t\t<\/div>\n\t    <\/div>\n\t    \n\t<\/div>\n\n<\/div>\n<!-- End each blog post --><!-- Begin each blog post -->\n<div class=\"blog-posts-grid post-8109 post type-post status-publish format-standard has-post-thumbnail hentry category-solutiondata tag-solutiondata tag-top-100-it-france\">\n\t\n\t\t<div class=\"post-wrapper smoove disable_tablet\" data-move-y=\"450px\" data-rotate-x=\"24deg\" data-delay=\"100\" data-minwidth=\"769\" data-offset=\"-30%\">\n\t\t\n\t\t\t\t    <div class=\"post-featured-image static\">\n\t\t\t    \t\t\t    <div class=\"post-featured-image-hover lazy\">\n\t\t\t     \t\t\t\t\t     <img decoding=\"async\" src=\"\" data-src=\"https:\/\/solutiondata.fr\/wp-content\/uploads\/2021\/02\/Captura-de-ecra-2021-02-09-as-16.04.01-960x604.png\" class=\"lazy smoove disable_tablet\" alt=\"\"\/>\n\t\t\t\t     \t\t\t     \t\t\t\t     \t<a href=\"https:\/\/solutiondata.fr\/en\/solutiondata-toujours-en-progression-dans-le-top-100-it-france\/\"><\/a>\n\t\t\t    <\/div>\n\t\t    <\/div>\n\t\t\t    \n\t    <div class=\"post-content-wrapper text-\">\n\t\t    \n\t\t    <div class=\"post-header\">\n\t\t\t    \t\t\t    <div class=\"post-detail single-post\">\n\t\t\t\t    \n\t\t\t    \t<span class=\"post-info-cat\">\n\t\t\t\t\t\t\t\t\t\t\t\t      \t<a href=\"https:\/\/solutiondata.fr\/en\/category\/solutiondata\/\">SolutionData<\/a>\n\t\t\t\t\t\t\t\t\t    \t<\/span>\n\t\t\t \t<\/div>\n\t\t\t \t\t\t\t\t<div class=\"post-header-title\">\n\t\t\t\t    <h5><a href=\"https:\/\/solutiondata.fr\/en\/solutiondata-toujours-en-progression-dans-le-top-100-it-france\/\" title=\"SolutionData, in the TOP 100 \u2013 IT France\">SolutionData, in the TOP 100 \u2013 IT France<\/a><\/h5>\n\t\t\t\t<\/div>\n\t\t\t<\/div>\n\t    \n\t\t\t<div class=\"post-header-wrapper\">\n\t\t\t\t<p>Knowing that we have your trust and...<\/p>\t\t\t    <div class=\"post-button-wrapper\">\n\t\t\t\t    <a class=\"continue-reading\" href=\"https:\/\/solutiondata.fr\/en\/solutiondata-toujours-en-progression-dans-le-top-100-it-france\/\" title=\"SolutionData, in the TOP 100 \u2013 IT France\">Continue Reading<span><\/span><\/a>\n\t\t\t\t    \n\t\t\t\t    \t\t\t    \t<div class=\"post-attribute\">\n\t\t\t\t\t    <a href=\"https:\/\/solutiondata.fr\/en\/solutiondata-toujours-en-progression-dans-le-top-100-it-france\/\" title=\"SolutionData, in the TOP 100 \u2013 IT France\">10 December 2020<\/a>\n\t\t\t\t\t<\/div>\n\t\t\t\t\t\t\t\t    <\/div>\n\t\t\t    <br class=\"clear\"\/>\n\t\t\t<\/div>\n\t    <\/div>\n\t    \n\t<\/div>\n\n<\/div>\n<!-- End each blog post --><\/div>\n<br class=\"clear\"\/>\t\t<\/div>\n\t\t\t\t<\/div>\n\t\t\t\t\t<\/div>\n\t\t<\/div>\n\t\t\t\t\t<\/div>\n\t\t<\/section>\n\t\t\t\t<\/div>","protected":false},"excerpt":{"rendered":"<p>SolutionData Actualit\u00e9s SolutionData Toujours en progression !!! Dans le Top croissance 2020 : les 100 soci\u00e9t\u00e9s de&#8230; Continue Reading 9 de Fevereiro, 2021 SolutionData Rencontre au sommet au si\u00e8ge de SolutionData Rencontre au sommet au si\u00e8ge de #SolutionData entre Madame&#8230; [&hellip;]<\/p>","protected":false},"author":1,"featured_media":0,"parent":0,"menu_order":0,"comment_status":"closed","ping_status":"closed","template":"","meta":{"_joinchat":[]},"_links":{"self":[{"href":"https:\/\/solutiondata.fr\/en\/wp-json\/wp\/v2\/pages\/3379"}],"collection":[{"href":"https:\/\/solutiondata.fr\/en\/wp-json\/wp\/v2\/pages"}],"about":[{"href":"https:\/\/solutiondata.fr\/en\/wp-json\/wp\/v2\/types\/page"}],"author":[{"embeddable":true,"href":"https:\/\/solutiondata.fr\/en\/wp-json\/wp\/v2\/users\/1"}],"replies":[{"embeddable":true,"href":"https:\/\/solutiondata.fr\/en\/wp-json\/wp\/v2\/comments?post=3379"}],"version-history":[{"count":8,"href":"https:\/\/solutiondata.fr\/en\/wp-json\/wp\/v2\/pages\/3379\/revisions"}],"predecessor-version":[{"id":8483,"href":"https:\/\/solutiondata.fr\/en\/wp-json\/wp\/v2\/pages\/3379\/revisions\/8483"}],"wp:attachment":[{"href":"https:\/\/solutiondata.fr\/en\/wp-json\/wp\/v2\/media?parent=3379"}],"curies":[{"name":"wp","href":"https:\/\/api.w.org\/{rel}","templated":true}]}}