{"id":9286,"date":"2021-06-14T10:39:25","date_gmt":"2021-06-14T08:39:25","guid":{"rendered":"https:\/\/solutiondata.fr\/?page_id=9286"},"modified":"2021-06-16T09:24:57","modified_gmt":"2021-06-16T07:24:57","slug":"politique-de-confidentialite","status":"publish","type":"page","link":"https:\/\/solutiondata.fr\/en\/politique-de-confidentialite\/","title":{"rendered":"Privacy Policy"},"content":{"rendered":"<div data-elementor-type=\"wp-page\" data-elementor-id=\"9286\" class=\"elementor elementor-9286\" data-elementor-post-type=\"page\">\n\t\t\t\t\t\t<section class=\"elementor-section elementor-top-section elementor-element elementor-element-3029f18 elementor-section-boxed elementor-section-height-default elementor-section-height-default\" data-id=\"3029f18\" data-element_type=\"section\">\n\t\t\t\t\t\t<div class=\"elementor-container elementor-column-gap-default\">\n\t\t\t\t\t<div class=\"elementor-column elementor-col-100 elementor-top-column elementor-element elementor-element-9c86d21\" data-id=\"9c86d21\" data-element_type=\"column\" data-settings=\"{&quot;avante_ext_is_scrollme&quot;:&quot;false&quot;,&quot;avante_ext_is_smoove&quot;:&quot;false&quot;,&quot;avante_ext_is_parallax_mouse&quot;:&quot;false&quot;,&quot;avante_ext_is_infinite&quot;:&quot;false&quot;}\">\n\t\t\t<div class=\"elementor-widget-wrap elementor-element-populated\">\n\t\t\t\t\t\t<div class=\"elementor-element elementor-element-343dcd0 elementor-widget elementor-widget-text-editor\" data-id=\"343dcd0\" data-element_type=\"widget\" data-settings=\"{&quot;avante_ext_is_scrollme&quot;:&quot;false&quot;,&quot;avante_ext_is_smoove&quot;:&quot;false&quot;,&quot;avante_ext_is_parallax_mouse&quot;:&quot;false&quot;,&quot;avante_ext_is_infinite&quot;:&quot;false&quot;}\" data-widget_type=\"text-editor.default\">\n\t\t\t\t<div class=\"elementor-widget-container\">\n\t\t\t\t\t\t\t<p>SolutionData est conscient de l\u2019importance que rev\u00eat le respect de la confidentialit\u00e9 aux yeux de ses clients. C\u2019est pourquoi nous veillons \u00e0 faire preuve de la plus grande clart\u00e9 concernant nos modalit\u00e9s de collecte, d\u2019utilisation, de divulgation, de transfert et de stockage de vos informations personnelles.<\/p><p>Nous proc\u00e9dons \u00e0 des traitements de ces donn\u00e9es en qualit\u00e9 de responsable de traitement. Nous nous conformons \u00e0 l\u2019ensemble de la r\u00e8glementation applicable, notamment au r\u00e8glement UE 2016\/679 sur la protection des donn\u00e9es personnelles. Nous avons pour cela d\u00e9sign\u00e9 un D\u00e9l\u00e9gu\u00e9 \u00e0 la Protection des Donn\u00e9es, qui peut \u00eatre contact\u00e9 \u00e0 l\u2019adresse postale suivante : SolutionData &#8211; DPO 52, Rue Jacques Babinet 31100 Toulouse ou par courrier \u00e9lectronique \u00e0\u00a0: contact@solutiondata.fr<\/p><p>La pr\u00e9sente Politique de confidentialit\u00e9 s\u2019applique \u00e0 l\u2019ensemble des d\u00e9marches de ventes, services, sites Web, gestion du support &amp; maintenance, plateformes du service client et autres applications en ligne SolutionData qui la citent ou comportent un lien vers celle-ci (collectivement d\u00e9sign\u00e9s sous le terme \u201cVentes et Services\u201d).<br \/>Elle s\u2019applique ind\u00e9pendamment du fait que vous utilisiez un ordinateur, un t\u00e9l\u00e9phone mobile, une tablette, ou un autre appareil\u00a0connect\u00e9 pour acc\u00e9der \u00e0 nos Ventes et Services.<br \/>Les principes pr\u00e9sent\u00e9s ci-dessous dans la Politique de confidentialit\u00e9 globale s\u2019appliquent aux traitements sous la responsabilit\u00e9 de de SolutionData, et portent notamment sur :<br \/>\u00a0 \u00a0 &#8211; La prospection commerciale<br \/>\u00a0 \u00a0 &#8211; La gestion de la vente de mat\u00e9riel<br \/>\u00a0 \u00a0 &#8211; La gestion de la vente de services et maintenance &amp; support<br \/>\u00a0 \u00a0 &#8211; La gestion du Service Clients<br \/>\u00a0 \u00a0 &#8211; L\u2019exploitation de donn\u00e9es comportementales et li\u00e9es aux emails, \u00e0 des fins de connaissance client et de marketing direct et indirect<\/p><p><strong>Informations que nous collectons<\/strong><\/p><p>Nous collectons divers types d\u2019informations dans le cadre des Ventes et Services, notamment :<br \/>\u00a0 \u00a0 &#8211; Des informations que vous nous fournissez directement<br \/>\u00a0 \u00a0 &#8211; Des informations que nous recueillons relatives \u00e0 votre utilisation de nos Ventes et Services<br \/>\u00a0 \u00a0 &#8211; Des informations que nous obtenons de sources tierces.<br \/>Nous pouvons \u00e9galement vous demander votre consentement pour collecter des informations ou vous avertir s\u00e9par\u00e9ment des modalit\u00e9s de collecte de vos informations personnelles d\u2019une mani\u00e8re qui n\u2019est pas d\u00e9crite dans la pr\u00e9sente Politique de confidentialit\u00e9, tel que requis pour certains services suppl\u00e9mentaires.<\/p><p><strong>Utilisation et partage d\u2019informations<\/strong><\/p><p>Nous utilisons les informations que nous collectons notamment dans le but de :<br \/>\u00a0 \u00a0 &#8211; Vous fournir les Solutions et Services demand\u00e9s ;<br \/>\u00a0 \u00a0 &#8211; Comprendre la mani\u00e8re dont vous utilisez les Solutions et Services afin de mieux vous satisfaire ;<br \/>\u00a0 \u00a0 &#8211; Mieux comprendre nos clients de fa\u00e7on \u00e0 leur proposer les communications, les solutions, les services et les exp\u00e9riences les plus adapt\u00e9s<br \/>\u00a0 \u00a0 &#8211; Proposer des contenus personnalis\u00e9s avec votre consentement si n\u00e9cessaire.<br \/>Il se peut que nous partagions vos informations avec :<br \/>\u00a0 \u00a0 &#8211; Des soci\u00e9t\u00e9s affili\u00e9es, c\u2019est-\u00e0-dire des soci\u00e9t\u00e9s apparent\u00e9es \u00e0 SolutionData en cela qu\u2019elles sont d\u00e9tenues ou contr\u00f4l\u00e9es par la m\u00eame entit\u00e9.<br \/>\u00a0 \u00a0 &#8211; Des partenaires commerciaux, c\u2019est-\u00e0-dire des entreprises fiables susceptibles de fournir des informations sur les solutions et services que vous pourriez appr\u00e9cier (si vous avez donn\u00e9 votre consentement).<br \/>\u00a0 \u00a0 &#8211; Des op\u00e9rateurs, c\u2019est-\u00e0-dire des soci\u00e9t\u00e9s qui fournissent des services pour le compte ou au nom de SolutionData.<br \/>\u00a0 \u00a0 &#8211; Les autorit\u00e9s polici\u00e8res, lorsque nous sommes tenus de le faire ou pour prot\u00e9ger SolutionData et ses utilisateurs.<\/p><p><strong>Nous contacter<\/strong><\/p><p>SolutionData\u00a0: 52 Rue Jacques Babinet 31100 Toulouse<br \/>E-mail : contactez-nous \u00e0 l\u2019adresse\u00a0: \u00a0contact@solutiondata.fr<\/p>\t\t\t\t\t\t<\/div>\n\t\t\t\t<\/div>\n\t\t\t\t\t<\/div>\n\t\t<\/div>\n\t\t\t\t\t<\/div>\n\t\t<\/section>\n\t\t\t\t<\/div>","protected":false},"excerpt":{"rendered":"<p>SolutionData est conscient de l\u2019importance que rev\u00eat le respect de la confidentialit\u00e9 aux yeux de ses clients. C\u2019est pourquoi nous veillons \u00e0 faire preuve de la plus grande clart\u00e9 concernant nos modalit\u00e9s de collecte, d\u2019utilisation, de divulgation, de transfert et [&hellip;]<\/p>","protected":false},"author":1,"featured_media":0,"parent":0,"menu_order":0,"comment_status":"closed","ping_status":"closed","template":"","meta":{"_joinchat":[]},"_links":{"self":[{"href":"https:\/\/solutiondata.fr\/en\/wp-json\/wp\/v2\/pages\/9286"}],"collection":[{"href":"https:\/\/solutiondata.fr\/en\/wp-json\/wp\/v2\/pages"}],"about":[{"href":"https:\/\/solutiondata.fr\/en\/wp-json\/wp\/v2\/types\/page"}],"author":[{"embeddable":true,"href":"https:\/\/solutiondata.fr\/en\/wp-json\/wp\/v2\/users\/1"}],"replies":[{"embeddable":true,"href":"https:\/\/solutiondata.fr\/en\/wp-json\/wp\/v2\/comments?post=9286"}],"version-history":[{"count":6,"href":"https:\/\/solutiondata.fr\/en\/wp-json\/wp\/v2\/pages\/9286\/revisions"}],"predecessor-version":[{"id":9310,"href":"https:\/\/solutiondata.fr\/en\/wp-json\/wp\/v2\/pages\/9286\/revisions\/9310"}],"wp:attachment":[{"href":"https:\/\/solutiondata.fr\/en\/wp-json\/wp\/v2\/media?parent=9286"}],"curies":[{"name":"wp","href":"https:\/\/api.w.org\/{rel}","templated":true}]}}